{"id":521,"date":"2022-01-14T22:34:55","date_gmt":"2022-01-14T21:34:55","guid":{"rendered":"https:\/\/nexyz.nl\/?page_id=521"},"modified":"2023-09-07T08:55:52","modified_gmt":"2023-09-07T07:55:52","slug":"deshalb-wahlen-sie-nexyz","status":"publish","type":"page","link":"https:\/\/nexyz.nl\/de\/deshalb-wahlen-sie-nexyz\/","title":{"rendered":"Deshalb w\u00e4hlen Sie NexyZ"},"content":{"rendered":"\n<div class=\"wp-block-columns is-layout-flex wp-container-core-columns-is-layout-9d6595d7 wp-block-columns-is-layout-flex\">\n<div class=\"wp-block-column is-layout-flow wp-block-column-is-layout-flow\" style=\"flex-basis:70%\">\n<h2 class=\"wp-block-heading\">Sie machen nicht nur einen Unterschied.<\/h2>\n\n\n\n<p>Bei NexyZ m\u00f6chten wir etwas bewegen. Wenn Sie Ihr Technologieunternehmen verkaufen oder vergr\u00f6\u00dfern wollen, sind Sie bei uns genau richtig. Wir m\u00f6chten Ihnen ein paar Gr\u00fcnde nennen, warum Sie sich f\u00fcr uns entscheiden sollten. Die meisten dieser Gr\u00fcnde haben wir uns \u00fcbrigens nicht selbst ausgedacht. Unsere Kunden sagen uns, dass dies wichtige Gr\u00fcnde waren, warum sie sich f\u00fcr NexyZ entschieden haben.<\/p>\n\n\n\n<p><strong>Wir sind Tech-Spezialisten<\/strong>: Wir kennen die Welt der Technik. Aber vielleicht noch wichtiger\u2026 wir haben dort ein umfangreiches Netzwerk und haben Zugang zu den richtigen Investoren.<\/p>\n\n\n\n<p><strong>Die Welt ist unser Spielplatz<\/strong>: Innovation und Technologie sind grenzenlos. Deshalb sind wir weltweit t\u00e4tig. Mehr als die H\u00e4lfte der von uns bearbeiteten Transaktionen sind international.<\/p>\n\n\n\n<p><strong>Erfahrung f\u00fchrt zu Ergebnissen<\/strong>: Gemeinsam verf\u00fcgen wir \u00fcber mehr als 100 Jahre Erfahrung in der Welt der Akquisitionen und \u00dcbernahmen. Wir verantworten Transaktionen im Wert von mehr als 1 Milliarde Euro in \u00fcber 15 L\u00e4ndern. Wir haben also eine nachweisbare Erfolgsbilanz, um auch f\u00fcr Sie das optimale Ergebnis zu erzielen!<\/p>\n\n\n\n<blockquote class=\"wp-block-quote is-layout-flow wp-block-quote-is-layout-flow\">\n<p>Es war eine tolle Fahrt. Es war gro\u00dfartig, Ihr Fachwissen, Ihre Strategie, Ihren Ansatz und Ihre F\u00e4higkeiten zu erleben. Mit dem fremdfinanzierten Verkauf von Xperi an Mentha Capital haben wir ein hervorragendes Ergebnis erzielt.<\/p>\n<cite>Peter Geelen \/ Bas Hagendijk | CEO &amp; CFO Xperi<\/cite><\/blockquote>\n\n\n\n<p><strong>Multidisziplin\u00e4res Team<\/strong>: Bei Fusionen und \u00dcbernahmen liegt der Schwerpunkt oft auf der Verkaufsseite eines Gesch\u00e4fts. Und das ist nat\u00fcrlich auch enorm wichtig. Aber es gibt noch mehr. Von Finanzen \u00fcber Recht bis hin zu Business Analytics finden Sie bei NexyZ alle Disziplinen.<\/p>\n\n\n\n<p><strong>Praktische Erfahrung<\/strong>: Wir wissen, was auf Sie zukommt. Wir haben es selbst erlebt. Die meisten Partner haben selbst Unternehmen gekauft oder verkauft. Das ist sehr praktisch.<\/p>\n\n\n\n<p><strong>Der Blick \u00fcber den Wert hinaus<\/strong>: Der Wert Ihres Unternehmens ist interessant. Aber wissen Sie, was noch interessanter ist? Was der Wert Ihres Unternehmens sein kann! Wir denken gerne mit Ihnen dar\u00fcber nach, wie Sie den Wert Ihres Unternehmens steigern k\u00f6nnen.<\/p>\n\n\n\n<p><strong>2 wissen mehr als 1<\/strong>: Und deshalb sind an jedem Projekt zwei Spezialisten beteiligt. Dabei suchen wir das ideale Team f\u00fcr Ihre Situation.<\/p>\n\n\n<div class=\"call-to-action\">\n\t\t\n\t<div class=\"call-to-action-content\">\n\t\t\n\t\t<h3>Machen wir uns miteinander bekannt, ja?<\/h3>\n\t\t\t\n\t\t<p>Wir sind neugierig auf Ihre Geschichte, Ihre W\u00fcnsche und Ambitionen. Deshalb w\u00fcrden wir gerne ein Gespr\u00e4ch mit Ihnen f\u00fchren, um zu sehen, wie wir Ihnen dabei helfen k\u00f6nnen.<\/p>\n\t\t\t\n\t\t\t\t\t\n\t\t<a class=\"button\" href=\"https:\/\/nexyz.nl\/de\/kontakt\/\">Kontaktieren Sie uns<\/a>\n\t\t\t\n\t\t\t\n\t<\/div>\n\t\n\t\t\n\t<div class=\"contactpersoon\">\n\t\n\t    \t\t\n\t\t<img decoding=\"async\" src=\"https:\/\/nexyz.nl\/de\/wp-content\/uploads\/2021\/12\/NEXYZ-MARTIJN-VOORHUIS-5719WEB.jpg\" alt=\"\">\n\t\t\n\t\t\t    \n\t<\/div>\n\t\n<\/div><\/div>\n<\/div>\n\n\n\n<p><\/p>\n","protected":false},"excerpt":{"rendered":"<p>Sie machen nicht nur einen Unterschied. Bei NexyZ m\u00f6chten wir etwas bewegen. Wenn Sie Ihr Technologieunternehmen verkaufen oder vergr\u00f6\u00dfern wollen, sind Sie bei uns genau richtig. Wir m\u00f6chten Ihnen ein paar Gr\u00fcnde nennen, warum Sie sich f\u00fcr uns entscheiden sollten. Die meisten dieser Gr\u00fcnde haben wir uns \u00fcbrigens nicht selbst ausgedacht. Unsere Kunden sagen uns,&#8230;<\/p>\n","protected":false},"author":1,"featured_media":1098,"parent":0,"menu_order":0,"comment_status":"closed","ping_status":"closed","template":"","meta":{"_acf_changed":false,"content-type":"","footnotes":""},"class_list":["post-521","page","type-page","status-publish","has-post-thumbnail","hentry"],"acf":[],"yoast_head":"<!-- This site is optimized with the Yoast SEO plugin v27.2 - https:\/\/yoast.com\/product\/yoast-seo-wordpress\/ -->\n<title>Sie verkaufen ein technisches Unternehmen? NexyZ ist Ihr idealer Partner.<\/title>\n<meta name=\"description\" content=\"Als Spezialisten f\u00fcr Technik und IT wissen wir, worauf es beim Verkauf Ihres Unternehmens ankommt. Lesen Sie, wie wir unsere einzigartige Spezialisierung nutzen, um dies zu erreichen!\" \/>\n<meta name=\"robots\" content=\"index, follow, max-snippet:-1, max-image-preview:large, max-video-preview:-1\" \/>\n<link rel=\"canonical\" href=\"https:\/\/nexyz.nl\/de\/deshalb-wahlen-sie-nexyz\/\" \/>\n<meta property=\"og:locale\" content=\"nl_NL\" \/>\n<meta property=\"og:type\" content=\"article\" \/>\n<meta property=\"og:title\" content=\"Sie verkaufen ein technisches Unternehmen? NexyZ ist Ihr idealer Partner.\" \/>\n<meta property=\"og:description\" content=\"Als Spezialisten f\u00fcr Technik und IT wissen wir, worauf es beim Verkauf Ihres Unternehmens ankommt. Lesen Sie, wie wir unsere einzigartige Spezialisierung nutzen, um dies zu erreichen!\" \/>\n<meta property=\"og:url\" content=\"https:\/\/nexyz.nl\/de\/deshalb-wahlen-sie-nexyz\/\" \/>\n<meta property=\"og:site_name\" content=\"NexyZ\" \/>\n<meta property=\"article:modified_time\" content=\"2023-09-07T07:55:52+00:00\" \/>\n<meta property=\"og:image\" content=\"https:\/\/nexyz.nl\/de\/wp-content\/uploads\/2022\/05\/Marcel_Witte_Fotografie_NexyZ-10.jpg\" \/>\n\t<meta property=\"og:image:width\" content=\"1500\" \/>\n\t<meta property=\"og:image:height\" content=\"1001\" \/>\n\t<meta property=\"og:image:type\" content=\"image\/jpeg\" \/>\n<meta name=\"twitter:card\" content=\"summary_large_image\" \/>\n<meta name=\"twitter:label1\" content=\"Geschatte leestijd\" \/>\n\t<meta name=\"twitter:data1\" content=\"2 minuten\" \/>\n<script type=\"application\/ld+json\" class=\"yoast-schema-graph\">{\"@context\":\"https:\/\/schema.org\",\"@graph\":[{\"@type\":\"WebPage\",\"@id\":\"https:\/\/nexyz.nl\/de\/deshalb-wahlen-sie-nexyz\/\",\"url\":\"https:\/\/nexyz.nl\/de\/deshalb-wahlen-sie-nexyz\/\",\"name\":\"Sie verkaufen ein technisches Unternehmen? NexyZ ist Ihr idealer Partner.\",\"isPartOf\":{\"@id\":\"https:\/\/nexyz.nl\/de\/#website\"},\"primaryImageOfPage\":{\"@id\":\"https:\/\/nexyz.nl\/de\/deshalb-wahlen-sie-nexyz\/#primaryimage\"},\"image\":{\"@id\":\"https:\/\/nexyz.nl\/de\/deshalb-wahlen-sie-nexyz\/#primaryimage\"},\"thumbnailUrl\":\"https:\/\/nexyz.nl\/de\/wp-content\/uploads\/2022\/05\/Marcel_Witte_Fotografie_NexyZ-10.jpg\",\"datePublished\":\"2022-01-14T21:34:55+00:00\",\"dateModified\":\"2023-09-07T07:55:52+00:00\",\"description\":\"Als Spezialisten f\u00fcr Technik und IT wissen wir, worauf es beim Verkauf Ihres Unternehmens ankommt. Lesen Sie, wie wir unsere einzigartige Spezialisierung nutzen, um dies zu erreichen!\",\"breadcrumb\":{\"@id\":\"https:\/\/nexyz.nl\/de\/deshalb-wahlen-sie-nexyz\/#breadcrumb\"},\"inLanguage\":\"nl-NL\",\"potentialAction\":[{\"@type\":\"ReadAction\",\"target\":[\"https:\/\/nexyz.nl\/de\/deshalb-wahlen-sie-nexyz\/\"]}]},{\"@type\":\"ImageObject\",\"inLanguage\":\"nl-NL\",\"@id\":\"https:\/\/nexyz.nl\/de\/deshalb-wahlen-sie-nexyz\/#primaryimage\",\"url\":\"https:\/\/nexyz.nl\/de\/wp-content\/uploads\/2022\/05\/Marcel_Witte_Fotografie_NexyZ-10.jpg\",\"contentUrl\":\"https:\/\/nexyz.nl\/de\/wp-content\/uploads\/2022\/05\/Marcel_Witte_Fotografie_NexyZ-10.jpg\",\"width\":1500,\"height\":1001},{\"@type\":\"BreadcrumbList\",\"@id\":\"https:\/\/nexyz.nl\/de\/deshalb-wahlen-sie-nexyz\/#breadcrumb\",\"itemListElement\":[{\"@type\":\"ListItem\",\"position\":1,\"name\":\"Home\",\"item\":\"https:\/\/nexyz.nl\/de\/\"},{\"@type\":\"ListItem\",\"position\":2,\"name\":\"Deshalb w\u00e4hlen Sie NexyZ\"}]},{\"@type\":\"WebSite\",\"@id\":\"https:\/\/nexyz.nl\/de\/#website\",\"url\":\"https:\/\/nexyz.nl\/de\/\",\"name\":\"NexyZ\",\"description\":\"\",\"potentialAction\":[{\"@type\":\"SearchAction\",\"target\":{\"@type\":\"EntryPoint\",\"urlTemplate\":\"https:\/\/nexyz.nl\/de\/?s={search_term_string}\"},\"query-input\":{\"@type\":\"PropertyValueSpecification\",\"valueRequired\":true,\"valueName\":\"search_term_string\"}}],\"inLanguage\":\"nl-NL\"}]}<\/script>\n<!-- \/ Yoast SEO plugin. -->","yoast_head_json":{"title":"Sie verkaufen ein technisches Unternehmen? NexyZ ist Ihr idealer Partner.","description":"Als Spezialisten f\u00fcr Technik und IT wissen wir, worauf es beim Verkauf Ihres Unternehmens ankommt. Lesen Sie, wie wir unsere einzigartige Spezialisierung nutzen, um dies zu erreichen!","robots":{"index":"index","follow":"follow","max-snippet":"max-snippet:-1","max-image-preview":"max-image-preview:large","max-video-preview":"max-video-preview:-1"},"canonical":"https:\/\/nexyz.nl\/de\/deshalb-wahlen-sie-nexyz\/","og_locale":"nl_NL","og_type":"article","og_title":"Sie verkaufen ein technisches Unternehmen? NexyZ ist Ihr idealer Partner.","og_description":"Als Spezialisten f\u00fcr Technik und IT wissen wir, worauf es beim Verkauf Ihres Unternehmens ankommt. Lesen Sie, wie wir unsere einzigartige Spezialisierung nutzen, um dies zu erreichen!","og_url":"https:\/\/nexyz.nl\/de\/deshalb-wahlen-sie-nexyz\/","og_site_name":"NexyZ","article_modified_time":"2023-09-07T07:55:52+00:00","og_image":[{"width":1500,"height":1001,"url":"https:\/\/nexyz.nl\/de\/wp-content\/uploads\/2022\/05\/Marcel_Witte_Fotografie_NexyZ-10.jpg","type":"image\/jpeg"}],"twitter_card":"summary_large_image","twitter_misc":{"Geschatte leestijd":"2 minuten"},"schema":{"@context":"https:\/\/schema.org","@graph":[{"@type":"WebPage","@id":"https:\/\/nexyz.nl\/de\/deshalb-wahlen-sie-nexyz\/","url":"https:\/\/nexyz.nl\/de\/deshalb-wahlen-sie-nexyz\/","name":"Sie verkaufen ein technisches Unternehmen? NexyZ ist Ihr idealer Partner.","isPartOf":{"@id":"https:\/\/nexyz.nl\/de\/#website"},"primaryImageOfPage":{"@id":"https:\/\/nexyz.nl\/de\/deshalb-wahlen-sie-nexyz\/#primaryimage"},"image":{"@id":"https:\/\/nexyz.nl\/de\/deshalb-wahlen-sie-nexyz\/#primaryimage"},"thumbnailUrl":"https:\/\/nexyz.nl\/de\/wp-content\/uploads\/2022\/05\/Marcel_Witte_Fotografie_NexyZ-10.jpg","datePublished":"2022-01-14T21:34:55+00:00","dateModified":"2023-09-07T07:55:52+00:00","description":"Als Spezialisten f\u00fcr Technik und IT wissen wir, worauf es beim Verkauf Ihres Unternehmens ankommt. Lesen Sie, wie wir unsere einzigartige Spezialisierung nutzen, um dies zu erreichen!","breadcrumb":{"@id":"https:\/\/nexyz.nl\/de\/deshalb-wahlen-sie-nexyz\/#breadcrumb"},"inLanguage":"nl-NL","potentialAction":[{"@type":"ReadAction","target":["https:\/\/nexyz.nl\/de\/deshalb-wahlen-sie-nexyz\/"]}]},{"@type":"ImageObject","inLanguage":"nl-NL","@id":"https:\/\/nexyz.nl\/de\/deshalb-wahlen-sie-nexyz\/#primaryimage","url":"https:\/\/nexyz.nl\/de\/wp-content\/uploads\/2022\/05\/Marcel_Witte_Fotografie_NexyZ-10.jpg","contentUrl":"https:\/\/nexyz.nl\/de\/wp-content\/uploads\/2022\/05\/Marcel_Witte_Fotografie_NexyZ-10.jpg","width":1500,"height":1001},{"@type":"BreadcrumbList","@id":"https:\/\/nexyz.nl\/de\/deshalb-wahlen-sie-nexyz\/#breadcrumb","itemListElement":[{"@type":"ListItem","position":1,"name":"Home","item":"https:\/\/nexyz.nl\/de\/"},{"@type":"ListItem","position":2,"name":"Deshalb w\u00e4hlen Sie NexyZ"}]},{"@type":"WebSite","@id":"https:\/\/nexyz.nl\/de\/#website","url":"https:\/\/nexyz.nl\/de\/","name":"NexyZ","description":"","potentialAction":[{"@type":"SearchAction","target":{"@type":"EntryPoint","urlTemplate":"https:\/\/nexyz.nl\/de\/?s={search_term_string}"},"query-input":{"@type":"PropertyValueSpecification","valueRequired":true,"valueName":"search_term_string"}}],"inLanguage":"nl-NL"}]}},"_links":{"self":[{"href":"https:\/\/nexyz.nl\/de\/wp-json\/wp\/v2\/pages\/521","targetHints":{"allow":["GET"]}}],"collection":[{"href":"https:\/\/nexyz.nl\/de\/wp-json\/wp\/v2\/pages"}],"about":[{"href":"https:\/\/nexyz.nl\/de\/wp-json\/wp\/v2\/types\/page"}],"author":[{"embeddable":true,"href":"https:\/\/nexyz.nl\/de\/wp-json\/wp\/v2\/users\/1"}],"replies":[{"embeddable":true,"href":"https:\/\/nexyz.nl\/de\/wp-json\/wp\/v2\/comments?post=521"}],"version-history":[{"count":25,"href":"https:\/\/nexyz.nl\/de\/wp-json\/wp\/v2\/pages\/521\/revisions"}],"predecessor-version":[{"id":1482,"href":"https:\/\/nexyz.nl\/de\/wp-json\/wp\/v2\/pages\/521\/revisions\/1482"}],"wp:featuredmedia":[{"embeddable":true,"href":"https:\/\/nexyz.nl\/de\/wp-json\/wp\/v2\/media\/1098"}],"wp:attachment":[{"href":"https:\/\/nexyz.nl\/de\/wp-json\/wp\/v2\/media?parent=521"}],"curies":[{"name":"wp","href":"https:\/\/api.w.org\/{rel}","templated":true}]}}