{"id":1596,"date":"2025-04-22T10:28:27","date_gmt":"2025-04-22T09:28:27","guid":{"rendered":"https:\/\/nexyz.nl\/de\/ma-exit-readiness-workshop\/"},"modified":"2025-04-25T08:16:24","modified_gmt":"2025-04-25T07:16:24","slug":"ma-exit-readiness-workshop","status":"publish","type":"page","link":"https:\/\/nexyz.nl\/de\/ma-exit-readiness-workshop\/","title":{"rendered":"M&amp;A EXIT- readiness workshop"},"content":{"rendered":"\n<div class=\"wp-block-columns is-layout-flex wp-container-core-columns-is-layout-9d6595d7 wp-block-columns-is-layout-flex\">\n<div class=\"wp-block-column is-layout-flow wp-block-column-is-layout-flow\" style=\"flex-basis:70%\">\n<h2 class=\"wp-block-heading\"><strong>Steigern Sie den Wert Ihres IT-\/Technologieunternehmens!<\/strong><\/h2>\n\n\n\n<p>Entdecken Sie die verborgenen M\u00f6glichkeiten in Ihrem Unternehmen und maximieren Sie Ihre finanziellen Ergebnisse mit unserem Workshop. Lernen Sie aus unseren Erfahrungen (und Benchmarks aus den verschiedenen IT-\/Technologie-Teilm\u00e4rkten) um f\u00fcr einen Verkauf optimal aufgestellt zu sein.<\/p>\n\n\n\n<h2 class=\"wp-block-heading\">Whitepaper Exit-Readiness<\/h2>\n\n\n\n<p>Der Verkauf eines Unternehmens ist eine wichtige Entscheidung, bei der die Vorbereitung von entscheidender Bedeutung ist, um eine reibungslose \u00dcbertragung und einen maximalen Wert zu gew\u00e4hrleisten. Exit Ready\u201c erh\u00f6ht die Attraktivit\u00e4t f\u00fcr K\u00e4ufer und vermeidet Probleme bei der Due Diligence. Unser Whitepaper bietet einen Fahrplan f\u00fcr Technologieunternehmen, um sich optimal auf einen Exit vorzubereiten.<\/p>\n\n\n<script type=\"text\/javascript\">\n\/* <![CDATA[ *\/\nvar gform;gform||(document.addEventListener(\"gform_main_scripts_loaded\",function(){gform.scriptsLoaded=!0}),document.addEventListener(\"gform\/theme\/scripts_loaded\",function(){gform.themeScriptsLoaded=!0}),window.addEventListener(\"DOMContentLoaded\",function(){gform.domLoaded=!0}),gform={domLoaded:!1,scriptsLoaded:!1,themeScriptsLoaded:!1,isFormEditor:()=>\"function\"==typeof InitializeEditor,callIfLoaded:function(o){return!(!gform.domLoaded||!gform.scriptsLoaded||!gform.themeScriptsLoaded&&!gform.isFormEditor()||(gform.isFormEditor()&&console.warn(\"The use of gform.initializeOnLoaded() is deprecated in the form editor context and will be removed in Gravity Forms 3.1.\"),o(),0))},initializeOnLoaded:function(o){gform.callIfLoaded(o)||(document.addEventListener(\"gform_main_scripts_loaded\",()=>{gform.scriptsLoaded=!0,gform.callIfLoaded(o)}),document.addEventListener(\"gform\/theme\/scripts_loaded\",()=>{gform.themeScriptsLoaded=!0,gform.callIfLoaded(o)}),window.addEventListener(\"DOMContentLoaded\",()=>{gform.domLoaded=!0,gform.callIfLoaded(o)}))},hooks:{action:{},filter:{}},addAction:function(o,r,e,t){gform.addHook(\"action\",o,r,e,t)},addFilter:function(o,r,e,t){gform.addHook(\"filter\",o,r,e,t)},doAction:function(o){gform.doHook(\"action\",o,arguments)},applyFilters:function(o){return gform.doHook(\"filter\",o,arguments)},removeAction:function(o,r){gform.removeHook(\"action\",o,r)},removeFilter:function(o,r,e){gform.removeHook(\"filter\",o,r,e)},addHook:function(o,r,e,t,n){null==gform.hooks[o][r]&&(gform.hooks[o][r]=[]);var d=gform.hooks[o][r];null==n&&(n=r+\"_\"+d.length),gform.hooks[o][r].push({tag:n,callable:e,priority:t=null==t?10:t})},doHook:function(r,o,e){var t;if(e=Array.prototype.slice.call(e,1),null!=gform.hooks[r][o]&&((o=gform.hooks[r][o]).sort(function(o,r){return o.priority-r.priority}),o.forEach(function(o){\"function\"!=typeof(t=o.callable)&&(t=window[t]),\"action\"==r?t.apply(null,e):e[0]=t.apply(null,e)})),\"filter\"==r)return e[0]},removeHook:function(o,r,t,n){var e;null!=gform.hooks[o][r]&&(e=(e=gform.hooks[o][r]).filter(function(o,r,e){return!!(null!=n&&n!=o.tag||null!=t&&t!=o.priority)}),gform.hooks[o][r]=e)}});\n\/* ]]> *\/\n<\/script>\n\n                <div class='gf_browser_gecko gform_wrapper gravity-theme gform-theme--no-framework' data-form-theme='gravity-theme' data-form-index='0' id='gform_wrapper_4' ><div id='gf_4' class='gform_anchor' tabindex='-1'><\/div>\n                        <div class='gform_heading'>\n                            <h2 class=\"gform_title\">Whitepaper Exit Readiness<\/h2>\n                            <p class='gform_description'><\/p>\n                        <\/div><form method='post' enctype='multipart\/form-data' target='gform_ajax_frame_4' id='gform_4'  action='\/de\/wp-json\/wp\/v2\/pages\/1596#gf_4' data-formid='4' novalidate>\n                        <div class='gform-body gform_body'><div id='gform_fields_4' class='gform_fields top_label form_sublabel_below description_below validation_below'><fieldset id=\"field_4_1\" class=\"gfield gfield--type-name gfield--input-type-name gfield_contains_required field_sublabel_below gfield--no-description field_description_below field_validation_below gfield_visibility_visible\"  ><legend class='gfield_label gform-field-label gfield_label_before_complex' >Name<span class=\"gfield_required\"><span class=\"gfield_required gfield_required_text\">(Vereist)<\/span><\/span><\/legend><div class='ginput_complex ginput_container ginput_container--name no_prefix has_first_name no_middle_name has_last_name no_suffix gf_name_has_2 ginput_container_name gform-grid-row' id='input_4_1'>\n                            \n                            <span id='input_4_1_3_container' class='name_first gform-grid-col gform-grid-col--size-auto' >\n                                                    <input type='text' name='input_1.3' id='input_4_1_3' value=''   aria-required='true'     \/>\n                                                    <label for='input_4_1_3' class='gform-field-label gform-field-label--type-sub '>Vorname<\/label>\n                                                <\/span>\n                            \n                            <span id='input_4_1_6_container' class='name_last gform-grid-col gform-grid-col--size-auto' >\n                                                    <input type='text' name='input_1.6' id='input_4_1_6' value=''   aria-required='true'     \/>\n                                                    <label for='input_4_1_6' class='gform-field-label gform-field-label--type-sub '>Nachname<\/label>\n                                                <\/span>\n                            \n                        <\/div><\/fieldset><div id=\"field_4_3\" class=\"gfield gfield--type-email gfield--input-type-email gfield--width-full gfield_contains_required field_sublabel_below gfield--no-description field_description_below field_validation_below gfield_visibility_visible\"  ><label class='gfield_label gform-field-label' for='input_4_3'>E-Mail Adresse<span class=\"gfield_required\"><span class=\"gfield_required gfield_required_text\">(Vereist)<\/span><\/span><\/label><div class='ginput_container ginput_container_email'>\n                            <input name='input_3' id='input_4_3' type='email' value='' class='large'    aria-required=\"true\" aria-invalid=\"false\"  \/>\n                        <\/div><\/div><\/div><\/div>\n        <div class='gform-footer gform_footer top_label'> <input type='submit' id='gform_submit_button_4' class='gform_button button' onclick='gform.submission.handleButtonClick(this);' data-submission-type='submit' value='Whitepaper herunterladen'  \/> <input type='hidden' name='gform_ajax' value='form_id=4&amp;title=1&amp;description=1&amp;tabindex=0&amp;theme=gravity-theme&amp;styles={&quot;inputPrimaryColor&quot;:&quot;#204ce5&quot;}&amp;hash=af367d70348731eb61e1fcf0c04efb30' \/>\n            <input type='hidden' class='gform_hidden' name='gform_submission_method' data-js='gform_submission_method_4' value='iframe' \/>\n            <input type='hidden' class='gform_hidden' name='gform_theme' data-js='gform_theme_4' id='gform_theme_4' value='gravity-theme' \/>\n            <input type='hidden' class='gform_hidden' name='gform_style_settings' data-js='gform_style_settings_4' id='gform_style_settings_4' value='{&quot;inputPrimaryColor&quot;:&quot;#204ce5&quot;}' \/>\n            <input type='hidden' class='gform_hidden' name='is_submit_4' value='1' \/>\n            <input type='hidden' class='gform_hidden' name='gform_submit' value='4' \/>\n            \n            <input type='hidden' class='gform_hidden' name='gform_currency' data-currency='USD' value='D8V+NBzH4yW\/3RqvlgUBBzcJVdoHJdi4jWnx+mRHZO3uM1WJYchjupMR1rbhHbZW\/f1MJc4I3+b0EAVedK+kHniya7PPxm3tvOKt3UUk5NzNs+s=' \/>\n            <input type='hidden' class='gform_hidden' name='gform_unique_id' value='' \/>\n            <input type='hidden' class='gform_hidden' name='state_4' value='WyJbXSIsIjU3NTA4MmZkYjY5YjdmMWE5ZDBlOTk1OGEwN2E5N2UwIl0=' \/>\n            <input type='hidden' autocomplete='off' class='gform_hidden' name='gform_target_page_number_4' id='gform_target_page_number_4' value='0' \/>\n            <input type='hidden' autocomplete='off' class='gform_hidden' name='gform_source_page_number_4' id='gform_source_page_number_4' value='1' \/>\n            <input type='hidden' name='gform_field_values' value='' \/>\n            \n        <\/div>\n                        <p style=\"display: none !important;\" class=\"akismet-fields-container\" data-prefix=\"ak_\"><label>&#916;<textarea name=\"ak_hp_textarea\" cols=\"45\" rows=\"8\" maxlength=\"100\"><\/textarea><\/label><input type=\"hidden\" id=\"ak_js_1\" name=\"ak_js\" value=\"99\"\/><script>document.getElementById( \"ak_js_1\" ).setAttribute( \"value\", ( new Date() ).getTime() );<\/script><\/p><\/form>\n                        <\/div>\n\t\t                <iframe style='display:none;width:0px;height:0px;' src='about:blank' name='gform_ajax_frame_4' id='gform_ajax_frame_4' title='Dit iframe bevat de vereiste logica om Ajax aangedreven Gravity Forms te verwerken.'><\/iframe>\n\t\t                <script type=\"text\/javascript\">\n\/* <![CDATA[ *\/\n gform.initializeOnLoaded( function() {gformInitSpinner( 4, 'https:\/\/nexyz.nl\/de\/wp-content\/plugins\/gravityforms\/images\/spinner.svg', true );jQuery('#gform_ajax_frame_4').on('load',function(){var contents = jQuery(this).contents().find('*').html();var is_postback = contents.indexOf('GF_AJAX_POSTBACK') >= 0;if(!is_postback){return;}var form_content = jQuery(this).contents().find('#gform_wrapper_4');var is_confirmation = jQuery(this).contents().find('#gform_confirmation_wrapper_4').length > 0;var is_redirect = contents.indexOf('gformRedirect(){') >= 0;var is_form = form_content.length > 0 && ! is_redirect && ! is_confirmation;var mt = parseInt(jQuery('html').css('margin-top'), 10) + parseInt(jQuery('body').css('margin-top'), 10) + 100;if(is_form){jQuery('#gform_wrapper_4').html(form_content.html());if(form_content.hasClass('gform_validation_error')){jQuery('#gform_wrapper_4').addClass('gform_validation_error');} else {jQuery('#gform_wrapper_4').removeClass('gform_validation_error');}setTimeout( function() { \/* delay the scroll by 50 milliseconds to fix a bug in chrome *\/ jQuery(document).scrollTop(jQuery('#gform_wrapper_4').offset().top - mt); }, 50 );if(window['gformInitDatepicker']) {gformInitDatepicker();}if(window['gformInitPriceFields']) {gformInitPriceFields();}var current_page = jQuery('#gform_source_page_number_4').val();gformInitSpinner( 4, 'https:\/\/nexyz.nl\/de\/wp-content\/plugins\/gravityforms\/images\/spinner.svg', true );jQuery(document).trigger('gform_page_loaded', [4, current_page]);window['gf_submitting_4'] = false;}else if(!is_redirect){var confirmation_content = jQuery(this).contents().find('.GF_AJAX_POSTBACK').html();if(!confirmation_content){confirmation_content = contents;}jQuery('#gform_wrapper_4').replaceWith(confirmation_content);jQuery(document).scrollTop(jQuery('#gf_4').offset().top - mt);jQuery(document).trigger('gform_confirmation_loaded', [4]);window['gf_submitting_4'] = false;wp.a11y.speak(jQuery('#gform_confirmation_message_4').text());}else{jQuery('#gform_4').append(contents);if(window['gformRedirect']) {gformRedirect();}}jQuery(document).trigger(\"gform_pre_post_render\", [{ formId: \"4\", currentPage: \"current_page\", abort: function() { this.preventDefault(); } }]);        if (event && event.defaultPrevented) {                return;        }        const gformWrapperDiv = document.getElementById( \"gform_wrapper_4\" );        if ( gformWrapperDiv ) {            const visibilitySpan = document.createElement( \"span\" );            visibilitySpan.id = \"gform_visibility_test_4\";            gformWrapperDiv.insertAdjacentElement( \"afterend\", visibilitySpan );        }        const visibilityTestDiv = document.getElementById( \"gform_visibility_test_4\" );        let postRenderFired = false;        function triggerPostRender() {            if ( postRenderFired ) {                return;            }            postRenderFired = true;            gform.core.triggerPostRenderEvents( 4, current_page );            if ( visibilityTestDiv ) {                visibilityTestDiv.parentNode.removeChild( visibilityTestDiv );            }        }        function debounce( func, wait, immediate ) {            var timeout;            return function() {                var context = this, args = arguments;                var later = function() {                    timeout = null;                    if ( !immediate ) func.apply( context, args );                };                var callNow = immediate && !timeout;                clearTimeout( timeout );                timeout = setTimeout( later, wait );                if ( callNow ) func.apply( context, args );            };        }        const debouncedTriggerPostRender = debounce( function() {            triggerPostRender();        }, 200 );        if ( visibilityTestDiv && visibilityTestDiv.offsetParent === null ) {            const observer = new MutationObserver( ( mutations ) => {                mutations.forEach( ( mutation ) => {                    if ( mutation.type === 'attributes' && visibilityTestDiv.offsetParent !== null ) {                        debouncedTriggerPostRender();                        observer.disconnect();                    }                });            });            observer.observe( document.body, {                attributes: true,                childList: false,                subtree: true,                attributeFilter: [ 'style', 'class' ],            });        } else {            triggerPostRender();        }    } );} ); \n\/* ]]> *\/\n<\/script>\n\n\n\n<h2 class=\"wp-block-heading\"><strong>Wie funktioniert das?<\/strong><\/h2>\n\n\n\n<p>Bei NexyZ helfen wir Unternehmen im Technologiesektor, ihre Finanzstrategie und \u2018Earning models\u2019 auf die n\u00e4chste Stufe zu heben. In einer wirkungsvollen, ma\u00dfgeschneiderten Sitzung tauchen wir tief in die aktuelle Leistung Ihres Unternehmens ein und identifizieren konkrete M\u00f6glichkeiten f\u00fcr Wachstum, Kosteneinsparungen, Verbesserung der Marktposition und EBITDA.<\/p>\n\n\n<div class=\"call-to-action\">\n\t\t\n\t<div class=\"call-to-action-content\">\n\t\t\n\t\t<h3>Sind Sie bereit, Ihre finanzielle Gesundheit und Marktattraktivit\u00e4t zu verbessern?<\/h3>\n\t\t\t\n\t\t<p>In 3 Workshops zu einer kraftvolleren finanziellen Zukunft.<\/p>\n\t\t\t\n\t\t\t\t\t\n\t\t<a class=\"button\" href=\"https:\/\/nexyz.nl\/de\/kontakt\/\">Hier anmelden<\/a>\n\t\t\t\n\t\t\t\n\t<\/div>\n\t\n\t\t\n\t<div class=\"contactpersoon\">\n\t\n\t    \t\t\n\t\t<img decoding=\"async\" src=\"https:\/\/nexyz.nl\/de\/wp-content\/uploads\/2021\/12\/NEXYZ-LUC-DAEMEN-4896WEB.jpg\" alt=\"\">\n\t\t\n\t\t\t    \n\t<\/div>\n\t\n<\/div><\/div>\n<\/div>\n","protected":false},"excerpt":{"rendered":"<p>Steigern Sie den Wert Ihres IT-\/Technologieunternehmens! Entdecken Sie die verborgenen M\u00f6glichkeiten in Ihrem Unternehmen und maximieren Sie Ihre finanziellen Ergebnisse mit unserem Workshop. Lernen Sie aus unseren Erfahrungen (und Benchmarks aus den verschiedenen IT-\/Technologie-Teilm\u00e4rkten) um f\u00fcr einen Verkauf optimal aufgestellt zu sein. Whitepaper Exit-Readiness Der Verkauf eines Unternehmens ist eine wichtige Entscheidung, bei der die&#8230;<\/p>\n","protected":false},"author":1,"featured_media":1106,"parent":0,"menu_order":0,"comment_status":"closed","ping_status":"closed","template":"","meta":{"_acf_changed":false,"content-type":"","footnotes":""},"class_list":["post-1596","page","type-page","status-publish","has-post-thumbnail","hentry"],"acf":[],"yoast_head":"<!-- This site is optimized with the Yoast SEO plugin v27.2 - https:\/\/yoast.com\/product\/yoast-seo-wordpress\/ -->\n<title>M&amp;A EXIT- readiness workshop - NexyZ<\/title>\n<meta name=\"robots\" content=\"index, follow, max-snippet:-1, max-image-preview:large, max-video-preview:-1\" \/>\n<link rel=\"canonical\" href=\"https:\/\/nexyz.nl\/de\/ma-exit-readiness-workshop\/\" \/>\n<meta property=\"og:locale\" content=\"nl_NL\" \/>\n<meta property=\"og:type\" content=\"article\" \/>\n<meta property=\"og:title\" content=\"M&amp;A EXIT- readiness workshop - NexyZ\" \/>\n<meta property=\"og:description\" content=\"Steigern Sie den Wert Ihres IT-\/Technologieunternehmens! Entdecken Sie die verborgenen M\u00f6glichkeiten in Ihrem Unternehmen und maximieren Sie Ihre finanziellen Ergebnisse mit unserem Workshop. Lernen Sie aus unseren Erfahrungen (und Benchmarks aus den verschiedenen IT-\/Technologie-Teilm\u00e4rkten) um f\u00fcr einen Verkauf optimal aufgestellt zu sein. Whitepaper Exit-Readiness Der Verkauf eines Unternehmens ist eine wichtige Entscheidung, bei der die...\" \/>\n<meta property=\"og:url\" content=\"https:\/\/nexyz.nl\/de\/ma-exit-readiness-workshop\/\" \/>\n<meta property=\"og:site_name\" content=\"NexyZ\" \/>\n<meta property=\"article:modified_time\" content=\"2025-04-25T07:16:24+00:00\" \/>\n<meta property=\"og:image\" content=\"https:\/\/nexyz.nl\/de\/wp-content\/uploads\/2022\/05\/Marcel_Witte_Fotografie_NexyZ-8.jpg\" \/>\n\t<meta property=\"og:image:width\" content=\"1500\" \/>\n\t<meta property=\"og:image:height\" content=\"843\" \/>\n\t<meta property=\"og:image:type\" content=\"image\/jpeg\" \/>\n<meta name=\"twitter:card\" content=\"summary_large_image\" \/>\n<meta name=\"twitter:label1\" content=\"Geschatte leestijd\" \/>\n\t<meta name=\"twitter:data1\" content=\"1 minuut\" \/>\n<script type=\"application\/ld+json\" class=\"yoast-schema-graph\">{\"@context\":\"https:\/\/schema.org\",\"@graph\":[{\"@type\":\"WebPage\",\"@id\":\"https:\/\/nexyz.nl\/de\/ma-exit-readiness-workshop\/\",\"url\":\"https:\/\/nexyz.nl\/de\/ma-exit-readiness-workshop\/\",\"name\":\"M&amp;A EXIT- readiness workshop - NexyZ\",\"isPartOf\":{\"@id\":\"https:\/\/nexyz.nl\/de\/#website\"},\"primaryImageOfPage\":{\"@id\":\"https:\/\/nexyz.nl\/de\/ma-exit-readiness-workshop\/#primaryimage\"},\"image\":{\"@id\":\"https:\/\/nexyz.nl\/de\/ma-exit-readiness-workshop\/#primaryimage\"},\"thumbnailUrl\":\"https:\/\/nexyz.nl\/de\/wp-content\/uploads\/2022\/05\/Marcel_Witte_Fotografie_NexyZ-8.jpg\",\"datePublished\":\"2025-04-22T09:28:27+00:00\",\"dateModified\":\"2025-04-25T07:16:24+00:00\",\"breadcrumb\":{\"@id\":\"https:\/\/nexyz.nl\/de\/ma-exit-readiness-workshop\/#breadcrumb\"},\"inLanguage\":\"nl-NL\",\"potentialAction\":[{\"@type\":\"ReadAction\",\"target\":[\"https:\/\/nexyz.nl\/de\/ma-exit-readiness-workshop\/\"]}]},{\"@type\":\"ImageObject\",\"inLanguage\":\"nl-NL\",\"@id\":\"https:\/\/nexyz.nl\/de\/ma-exit-readiness-workshop\/#primaryimage\",\"url\":\"https:\/\/nexyz.nl\/de\/wp-content\/uploads\/2022\/05\/Marcel_Witte_Fotografie_NexyZ-8.jpg\",\"contentUrl\":\"https:\/\/nexyz.nl\/de\/wp-content\/uploads\/2022\/05\/Marcel_Witte_Fotografie_NexyZ-8.jpg\",\"width\":1500,\"height\":843},{\"@type\":\"BreadcrumbList\",\"@id\":\"https:\/\/nexyz.nl\/de\/ma-exit-readiness-workshop\/#breadcrumb\",\"itemListElement\":[{\"@type\":\"ListItem\",\"position\":1,\"name\":\"Home\",\"item\":\"https:\/\/nexyz.nl\/de\/\"},{\"@type\":\"ListItem\",\"position\":2,\"name\":\"M&amp;A EXIT- readiness workshop\"}]},{\"@type\":\"WebSite\",\"@id\":\"https:\/\/nexyz.nl\/de\/#website\",\"url\":\"https:\/\/nexyz.nl\/de\/\",\"name\":\"NexyZ\",\"description\":\"\",\"potentialAction\":[{\"@type\":\"SearchAction\",\"target\":{\"@type\":\"EntryPoint\",\"urlTemplate\":\"https:\/\/nexyz.nl\/de\/?s={search_term_string}\"},\"query-input\":{\"@type\":\"PropertyValueSpecification\",\"valueRequired\":true,\"valueName\":\"search_term_string\"}}],\"inLanguage\":\"nl-NL\"}]}<\/script>\n<!-- \/ Yoast SEO plugin. -->","yoast_head_json":{"title":"M&amp;A EXIT- readiness workshop - NexyZ","robots":{"index":"index","follow":"follow","max-snippet":"max-snippet:-1","max-image-preview":"max-image-preview:large","max-video-preview":"max-video-preview:-1"},"canonical":"https:\/\/nexyz.nl\/de\/ma-exit-readiness-workshop\/","og_locale":"nl_NL","og_type":"article","og_title":"M&amp;A EXIT- readiness workshop - NexyZ","og_description":"Steigern Sie den Wert Ihres IT-\/Technologieunternehmens! Entdecken Sie die verborgenen M\u00f6glichkeiten in Ihrem Unternehmen und maximieren Sie Ihre finanziellen Ergebnisse mit unserem Workshop. Lernen Sie aus unseren Erfahrungen (und Benchmarks aus den verschiedenen IT-\/Technologie-Teilm\u00e4rkten) um f\u00fcr einen Verkauf optimal aufgestellt zu sein. Whitepaper Exit-Readiness Der Verkauf eines Unternehmens ist eine wichtige Entscheidung, bei der die...","og_url":"https:\/\/nexyz.nl\/de\/ma-exit-readiness-workshop\/","og_site_name":"NexyZ","article_modified_time":"2025-04-25T07:16:24+00:00","og_image":[{"width":1500,"height":843,"url":"https:\/\/nexyz.nl\/de\/wp-content\/uploads\/2022\/05\/Marcel_Witte_Fotografie_NexyZ-8.jpg","type":"image\/jpeg"}],"twitter_card":"summary_large_image","twitter_misc":{"Geschatte leestijd":"1 minuut"},"schema":{"@context":"https:\/\/schema.org","@graph":[{"@type":"WebPage","@id":"https:\/\/nexyz.nl\/de\/ma-exit-readiness-workshop\/","url":"https:\/\/nexyz.nl\/de\/ma-exit-readiness-workshop\/","name":"M&amp;A EXIT- readiness workshop - NexyZ","isPartOf":{"@id":"https:\/\/nexyz.nl\/de\/#website"},"primaryImageOfPage":{"@id":"https:\/\/nexyz.nl\/de\/ma-exit-readiness-workshop\/#primaryimage"},"image":{"@id":"https:\/\/nexyz.nl\/de\/ma-exit-readiness-workshop\/#primaryimage"},"thumbnailUrl":"https:\/\/nexyz.nl\/de\/wp-content\/uploads\/2022\/05\/Marcel_Witte_Fotografie_NexyZ-8.jpg","datePublished":"2025-04-22T09:28:27+00:00","dateModified":"2025-04-25T07:16:24+00:00","breadcrumb":{"@id":"https:\/\/nexyz.nl\/de\/ma-exit-readiness-workshop\/#breadcrumb"},"inLanguage":"nl-NL","potentialAction":[{"@type":"ReadAction","target":["https:\/\/nexyz.nl\/de\/ma-exit-readiness-workshop\/"]}]},{"@type":"ImageObject","inLanguage":"nl-NL","@id":"https:\/\/nexyz.nl\/de\/ma-exit-readiness-workshop\/#primaryimage","url":"https:\/\/nexyz.nl\/de\/wp-content\/uploads\/2022\/05\/Marcel_Witte_Fotografie_NexyZ-8.jpg","contentUrl":"https:\/\/nexyz.nl\/de\/wp-content\/uploads\/2022\/05\/Marcel_Witte_Fotografie_NexyZ-8.jpg","width":1500,"height":843},{"@type":"BreadcrumbList","@id":"https:\/\/nexyz.nl\/de\/ma-exit-readiness-workshop\/#breadcrumb","itemListElement":[{"@type":"ListItem","position":1,"name":"Home","item":"https:\/\/nexyz.nl\/de\/"},{"@type":"ListItem","position":2,"name":"M&amp;A EXIT- readiness workshop"}]},{"@type":"WebSite","@id":"https:\/\/nexyz.nl\/de\/#website","url":"https:\/\/nexyz.nl\/de\/","name":"NexyZ","description":"","potentialAction":[{"@type":"SearchAction","target":{"@type":"EntryPoint","urlTemplate":"https:\/\/nexyz.nl\/de\/?s={search_term_string}"},"query-input":{"@type":"PropertyValueSpecification","valueRequired":true,"valueName":"search_term_string"}}],"inLanguage":"nl-NL"}]}},"_links":{"self":[{"href":"https:\/\/nexyz.nl\/de\/wp-json\/wp\/v2\/pages\/1596","targetHints":{"allow":["GET"]}}],"collection":[{"href":"https:\/\/nexyz.nl\/de\/wp-json\/wp\/v2\/pages"}],"about":[{"href":"https:\/\/nexyz.nl\/de\/wp-json\/wp\/v2\/types\/page"}],"author":[{"embeddable":true,"href":"https:\/\/nexyz.nl\/de\/wp-json\/wp\/v2\/users\/1"}],"replies":[{"embeddable":true,"href":"https:\/\/nexyz.nl\/de\/wp-json\/wp\/v2\/comments?post=1596"}],"version-history":[{"count":4,"href":"https:\/\/nexyz.nl\/de\/wp-json\/wp\/v2\/pages\/1596\/revisions"}],"predecessor-version":[{"id":1602,"href":"https:\/\/nexyz.nl\/de\/wp-json\/wp\/v2\/pages\/1596\/revisions\/1602"}],"wp:featuredmedia":[{"embeddable":true,"href":"https:\/\/nexyz.nl\/de\/wp-json\/wp\/v2\/media\/1106"}],"wp:attachment":[{"href":"https:\/\/nexyz.nl\/de\/wp-json\/wp\/v2\/media?parent=1596"}],"curies":[{"name":"wp","href":"https:\/\/api.w.org\/{rel}","templated":true}]}}