{"id":15,"date":"2021-12-02T16:13:20","date_gmt":"2021-12-02T15:13:20","guid":{"rendered":"https:\/\/nexyz.nl\/?page_id=15"},"modified":"2023-09-05T12:30:18","modified_gmt":"2023-09-05T11:30:18","slug":"mein-unternehmen-weiter-ausbauen","status":"publish","type":"page","link":"https:\/\/nexyz.nl\/de\/mein-unternehmen-weiter-ausbauen\/","title":{"rendered":"Mein Unternehmen weiter ausbauen"},"content":{"rendered":"\n<div class=\"wp-block-columns is-layout-flex wp-container-core-columns-is-layout-9d6595d7 wp-block-columns-is-layout-flex\">\n<div class=\"wp-block-column is-layout-flow wp-block-column-is-layout-flow\" style=\"flex-basis:70%\">\n<h2 class=\"wp-block-heading\">Strategische Beratung | Schuldnerberatung<\/h2>\n\n\n\n<p>Jeder kann sein Unternehmen ausbauen, aber nicht jeder hat die Mittel, dies selbst zu tun. Zum Gl\u00fcck gibt es viele M\u00f6glichkeiten, Ihre Wachstumsambitionen zu verwirklichen. Denken Sie \u00fcber die Aufnahme neuer Mittel, die Refinanzierung oder Umstrukturierung Ihrer bestehenden Finanzierung nach.<\/p>\n\n\n\n<p>Unser Team aus erfahrenen Fachleuten ber\u00e4t Sie gerne zu den verschiedenen M\u00f6glichkeiten f\u00fcr das Wachstum Ihres Unternehmens. Dabei gehen wir \u00fcber FinanzierungsL\u00f6sungen hinaus. Gemeinsam mit Ihnen pr\u00fcfen wir auch, ob es andere Wachstumsm\u00f6glichkeiten gibt, die Sie nutzen k\u00f6nnen, wie die Optimierung Ihres Absatzmarktes oder das Eingehen von Partnerschaften.<\/p>\n\n\n\n<div class=\"wp-block-buttons is-layout-flex wp-block-buttons-is-layout-flex\">\n<div class=\"wp-block-button\"><a class=\"wp-block-button__link wp-element-button\" href=\"https:\/\/nexyz.nl\/de\/wie-wir-arbeiten\/\">Siehe unseren Ansatz hier<\/a><\/div>\n<\/div>\n\n\n\n<h2 class=\"wp-block-heading\">Was ist mein Unternehmen wert?<\/h2>\n\n\n\n<p>In den meisten F\u00e4llen ist eine Unternehmensbewertung der erste Schritt in Richtung Wachstum. Bei der Analyse setzen wir verschiedene Bewertungstechniken ein. So erhalten Sie einen optimalen Einblick in den Wert Ihres Unternehmens.<\/p>\n\n\n\n<div class=\"wp-block-buttons is-layout-flex wp-block-buttons-is-layout-flex\">\n<div class=\"wp-block-button\"><a class=\"wp-block-button__link wp-element-button\" href=\"https:\/\/nexyz.nl\/de\/wissen-was-mein-unternehmen-wert-ist\/\">Lesen Sie hier, wie wir das machen<\/a><\/div>\n<\/div>\n\n\n\n<p>Auf der Grundlage Ihres Wertangebots kann unser Team ein Finanzierungs- oder Informationsmemorandum zusammenstellen. Wir k\u00f6nnen Sie dann durch den gesamten Prozess gegen\u00fcber der Bank, einem Investor oder einem potenziellen strategischen K\u00e4ufer begleiten.<\/p>\n\n\n\n<h2 class=\"wp-block-heading\">Stacking-Finanzierung<\/h2>\n\n\n\n<p>Immer h\u00e4ufiger werden Finanzierungsformen kombiniert, um den gew\u00fcnschten Betrag zu erreichen. Dabei werden verschiedene L\u00f6sungen &#8220;gestapelt&#8221;, wie zum Beispiel:<\/p>\n\n\n\n<ul class=\"wp-block-list\">\n<li>Bankfinanzierung<\/li>\n\n\n\n<li>Mezzanine-Finanzierung (zwischen Bankkredit und Risikokapital)<\/li>\n\n\n\n<li>Verkauf oder Ausgabe von Aktien, m\u00f6glicherweise in Kombination mit Private Equity<\/li>\n<\/ul>\n\n\n\n<p>Viele Unternehmer wissen nicht, dass die Kombination von Finanzierungsformen zu den M\u00f6glichkeiten geh\u00f6rt. Lassen Sie sich beraten, welche M\u00f6glichkeiten des Finanzierungsstapelns es gibt, ob dies in Ihrer Situation die richtige Wahl ist und welche Kombination sinnvoll w\u00e4re.<\/p>\n\n\n\n<h2 class=\"wp-block-heading\">Buy &amp; Build | Wachstum durch Akquisition<\/h2>\n\n\n\n<p>Eine weitere M\u00f6glichkeit, Wachstum zu erzielen, ist die \u00dcbernahme anderer Unternehmen. Auch bei dieser so genannten Buy &amp; Build-Strategie k\u00f6nnen Sie sich an uns wenden und erhalten umfassende Unterst\u00fctzung.<\/p>\n\n\n<div class=\"call-to-action\">\n\t\t\n\t<div class=\"call-to-action-content\">\n\t\t\n\t\t<h3>Termin f\u00fcr eine Einf\u00fchrung<\/h3>\n\t\t\t\n\t\t<p>Sie fragen sich, wie wir Ihre Wachstumsambitionen verwirklichen k\u00f6nnen? Vereinbaren Sie ein unverbindliches Gespr\u00e4ch mit einem unserer Spezialisten. Entdecken Sie Ihre Wachstumschancen und lassen Sie sich pers\u00f6nlich beraten.<\/p>\n\t\t\t\n\t\t\t\t\t\n\t\t<a class=\"button\" href=\"https:\/\/nexyz.nl\/de\/kontakt\/\">Termin f\u00fcr eine Einf\u00fchrung<\/a>\n\t\t\t\n\t\t\t\n\t<\/div>\n\t\n\t\t\n\t<div class=\"contactpersoon\">\n\t\n\t    \t\t\n\t\t<img decoding=\"async\" src=\"https:\/\/nexyz.nl\/de\/wp-content\/uploads\/2021\/12\/NEXYZ-LUC-DAEMEN-4896WEB.jpg\" alt=\"\">\n\t\t\n\t\t\t    \n\t<\/div>\n\t\n<\/div><\/div>\n<\/div>\n","protected":false},"excerpt":{"rendered":"<p>Strategische Beratung | Schuldnerberatung Jeder kann sein Unternehmen ausbauen, aber nicht jeder hat die Mittel, dies selbst zu tun. Zum Gl\u00fcck gibt es viele M\u00f6glichkeiten, Ihre Wachstumsambitionen zu verwirklichen. Denken Sie \u00fcber die Aufnahme neuer Mittel, die Refinanzierung oder Umstrukturierung Ihrer bestehenden Finanzierung nach. Unser Team aus erfahrenen Fachleuten ber\u00e4t Sie gerne zu den verschiedenen&#8230;<\/p>\n","protected":false},"author":1,"featured_media":1100,"parent":0,"menu_order":0,"comment_status":"closed","ping_status":"closed","template":"","meta":{"_acf_changed":false,"content-type":"","footnotes":""},"class_list":["post-15","page","type-page","status-publish","has-post-thumbnail","hentry"],"acf":[],"yoast_head":"<!-- This site is optimized with the Yoast SEO plugin v27.2 - https:\/\/yoast.com\/product\/yoast-seo-wordpress\/ -->\n<title>Mein Unternehmen weiter ausbauen - NexyZ<\/title>\n<meta name=\"description\" content=\"Sie wollen Ihr Unternehmen ausbauen. NexyZ unterst\u00fctzt Sie von der Strategie bis zur Realisierung. Entdecken Sie, was m\u00f6glich ist.\" \/>\n<meta name=\"robots\" content=\"index, follow, max-snippet:-1, max-image-preview:large, max-video-preview:-1\" \/>\n<link rel=\"canonical\" href=\"https:\/\/nexyz.nl\/de\/mein-unternehmen-weiter-ausbauen\/\" \/>\n<meta property=\"og:locale\" content=\"nl_NL\" \/>\n<meta property=\"og:type\" content=\"article\" \/>\n<meta property=\"og:title\" content=\"Mein Unternehmen weiter ausbauen - NexyZ\" \/>\n<meta property=\"og:description\" content=\"Sie wollen Ihr Unternehmen ausbauen. NexyZ unterst\u00fctzt Sie von der Strategie bis zur Realisierung. Entdecken Sie, was m\u00f6glich ist.\" \/>\n<meta property=\"og:url\" content=\"https:\/\/nexyz.nl\/de\/mein-unternehmen-weiter-ausbauen\/\" \/>\n<meta property=\"og:site_name\" content=\"NexyZ\" \/>\n<meta property=\"article:modified_time\" content=\"2023-09-05T11:30:18+00:00\" \/>\n<meta property=\"og:image\" content=\"https:\/\/nexyz.nl\/de\/wp-content\/uploads\/2022\/05\/Marcel_Witte_Fotografie_NexyZ-2.jpg\" \/>\n\t<meta property=\"og:image:width\" content=\"1500\" \/>\n\t<meta property=\"og:image:height\" content=\"1001\" \/>\n\t<meta property=\"og:image:type\" content=\"image\/jpeg\" \/>\n<meta name=\"twitter:card\" content=\"summary_large_image\" \/>\n<meta name=\"twitter:label1\" content=\"Geschatte leestijd\" \/>\n\t<meta name=\"twitter:data1\" content=\"2 minuten\" \/>\n<script type=\"application\/ld+json\" class=\"yoast-schema-graph\">{\"@context\":\"https:\/\/schema.org\",\"@graph\":[{\"@type\":\"WebPage\",\"@id\":\"https:\/\/nexyz.nl\/de\/mein-unternehmen-weiter-ausbauen\/\",\"url\":\"https:\/\/nexyz.nl\/de\/mein-unternehmen-weiter-ausbauen\/\",\"name\":\"Mein Unternehmen weiter ausbauen - NexyZ\",\"isPartOf\":{\"@id\":\"https:\/\/nexyz.nl\/de\/#website\"},\"primaryImageOfPage\":{\"@id\":\"https:\/\/nexyz.nl\/de\/mein-unternehmen-weiter-ausbauen\/#primaryimage\"},\"image\":{\"@id\":\"https:\/\/nexyz.nl\/de\/mein-unternehmen-weiter-ausbauen\/#primaryimage\"},\"thumbnailUrl\":\"https:\/\/nexyz.nl\/de\/wp-content\/uploads\/2022\/05\/Marcel_Witte_Fotografie_NexyZ-2.jpg\",\"datePublished\":\"2021-12-02T15:13:20+00:00\",\"dateModified\":\"2023-09-05T11:30:18+00:00\",\"description\":\"Sie wollen Ihr Unternehmen ausbauen. NexyZ unterst\u00fctzt Sie von der Strategie bis zur Realisierung. Entdecken Sie, was m\u00f6glich ist.\",\"breadcrumb\":{\"@id\":\"https:\/\/nexyz.nl\/de\/mein-unternehmen-weiter-ausbauen\/#breadcrumb\"},\"inLanguage\":\"nl-NL\",\"potentialAction\":[{\"@type\":\"ReadAction\",\"target\":[\"https:\/\/nexyz.nl\/de\/mein-unternehmen-weiter-ausbauen\/\"]}]},{\"@type\":\"ImageObject\",\"inLanguage\":\"nl-NL\",\"@id\":\"https:\/\/nexyz.nl\/de\/mein-unternehmen-weiter-ausbauen\/#primaryimage\",\"url\":\"https:\/\/nexyz.nl\/de\/wp-content\/uploads\/2022\/05\/Marcel_Witte_Fotografie_NexyZ-2.jpg\",\"contentUrl\":\"https:\/\/nexyz.nl\/de\/wp-content\/uploads\/2022\/05\/Marcel_Witte_Fotografie_NexyZ-2.jpg\",\"width\":1500,\"height\":1001},{\"@type\":\"BreadcrumbList\",\"@id\":\"https:\/\/nexyz.nl\/de\/mein-unternehmen-weiter-ausbauen\/#breadcrumb\",\"itemListElement\":[{\"@type\":\"ListItem\",\"position\":1,\"name\":\"Home\",\"item\":\"https:\/\/nexyz.nl\/de\/\"},{\"@type\":\"ListItem\",\"position\":2,\"name\":\"Mein Unternehmen weiter ausbauen\"}]},{\"@type\":\"WebSite\",\"@id\":\"https:\/\/nexyz.nl\/de\/#website\",\"url\":\"https:\/\/nexyz.nl\/de\/\",\"name\":\"NexyZ\",\"description\":\"\",\"potentialAction\":[{\"@type\":\"SearchAction\",\"target\":{\"@type\":\"EntryPoint\",\"urlTemplate\":\"https:\/\/nexyz.nl\/de\/?s={search_term_string}\"},\"query-input\":{\"@type\":\"PropertyValueSpecification\",\"valueRequired\":true,\"valueName\":\"search_term_string\"}}],\"inLanguage\":\"nl-NL\"}]}<\/script>\n<!-- \/ Yoast SEO plugin. -->","yoast_head_json":{"title":"Mein Unternehmen weiter ausbauen - NexyZ","description":"Sie wollen Ihr Unternehmen ausbauen. NexyZ unterst\u00fctzt Sie von der Strategie bis zur Realisierung. Entdecken Sie, was m\u00f6glich ist.","robots":{"index":"index","follow":"follow","max-snippet":"max-snippet:-1","max-image-preview":"max-image-preview:large","max-video-preview":"max-video-preview:-1"},"canonical":"https:\/\/nexyz.nl\/de\/mein-unternehmen-weiter-ausbauen\/","og_locale":"nl_NL","og_type":"article","og_title":"Mein Unternehmen weiter ausbauen - NexyZ","og_description":"Sie wollen Ihr Unternehmen ausbauen. NexyZ unterst\u00fctzt Sie von der Strategie bis zur Realisierung. Entdecken Sie, was m\u00f6glich ist.","og_url":"https:\/\/nexyz.nl\/de\/mein-unternehmen-weiter-ausbauen\/","og_site_name":"NexyZ","article_modified_time":"2023-09-05T11:30:18+00:00","og_image":[{"width":1500,"height":1001,"url":"https:\/\/nexyz.nl\/de\/wp-content\/uploads\/2022\/05\/Marcel_Witte_Fotografie_NexyZ-2.jpg","type":"image\/jpeg"}],"twitter_card":"summary_large_image","twitter_misc":{"Geschatte leestijd":"2 minuten"},"schema":{"@context":"https:\/\/schema.org","@graph":[{"@type":"WebPage","@id":"https:\/\/nexyz.nl\/de\/mein-unternehmen-weiter-ausbauen\/","url":"https:\/\/nexyz.nl\/de\/mein-unternehmen-weiter-ausbauen\/","name":"Mein Unternehmen weiter ausbauen - NexyZ","isPartOf":{"@id":"https:\/\/nexyz.nl\/de\/#website"},"primaryImageOfPage":{"@id":"https:\/\/nexyz.nl\/de\/mein-unternehmen-weiter-ausbauen\/#primaryimage"},"image":{"@id":"https:\/\/nexyz.nl\/de\/mein-unternehmen-weiter-ausbauen\/#primaryimage"},"thumbnailUrl":"https:\/\/nexyz.nl\/de\/wp-content\/uploads\/2022\/05\/Marcel_Witte_Fotografie_NexyZ-2.jpg","datePublished":"2021-12-02T15:13:20+00:00","dateModified":"2023-09-05T11:30:18+00:00","description":"Sie wollen Ihr Unternehmen ausbauen. NexyZ unterst\u00fctzt Sie von der Strategie bis zur Realisierung. Entdecken Sie, was m\u00f6glich ist.","breadcrumb":{"@id":"https:\/\/nexyz.nl\/de\/mein-unternehmen-weiter-ausbauen\/#breadcrumb"},"inLanguage":"nl-NL","potentialAction":[{"@type":"ReadAction","target":["https:\/\/nexyz.nl\/de\/mein-unternehmen-weiter-ausbauen\/"]}]},{"@type":"ImageObject","inLanguage":"nl-NL","@id":"https:\/\/nexyz.nl\/de\/mein-unternehmen-weiter-ausbauen\/#primaryimage","url":"https:\/\/nexyz.nl\/de\/wp-content\/uploads\/2022\/05\/Marcel_Witte_Fotografie_NexyZ-2.jpg","contentUrl":"https:\/\/nexyz.nl\/de\/wp-content\/uploads\/2022\/05\/Marcel_Witte_Fotografie_NexyZ-2.jpg","width":1500,"height":1001},{"@type":"BreadcrumbList","@id":"https:\/\/nexyz.nl\/de\/mein-unternehmen-weiter-ausbauen\/#breadcrumb","itemListElement":[{"@type":"ListItem","position":1,"name":"Home","item":"https:\/\/nexyz.nl\/de\/"},{"@type":"ListItem","position":2,"name":"Mein Unternehmen weiter ausbauen"}]},{"@type":"WebSite","@id":"https:\/\/nexyz.nl\/de\/#website","url":"https:\/\/nexyz.nl\/de\/","name":"NexyZ","description":"","potentialAction":[{"@type":"SearchAction","target":{"@type":"EntryPoint","urlTemplate":"https:\/\/nexyz.nl\/de\/?s={search_term_string}"},"query-input":{"@type":"PropertyValueSpecification","valueRequired":true,"valueName":"search_term_string"}}],"inLanguage":"nl-NL"}]}},"_links":{"self":[{"href":"https:\/\/nexyz.nl\/de\/wp-json\/wp\/v2\/pages\/15","targetHints":{"allow":["GET"]}}],"collection":[{"href":"https:\/\/nexyz.nl\/de\/wp-json\/wp\/v2\/pages"}],"about":[{"href":"https:\/\/nexyz.nl\/de\/wp-json\/wp\/v2\/types\/page"}],"author":[{"embeddable":true,"href":"https:\/\/nexyz.nl\/de\/wp-json\/wp\/v2\/users\/1"}],"replies":[{"embeddable":true,"href":"https:\/\/nexyz.nl\/de\/wp-json\/wp\/v2\/comments?post=15"}],"version-history":[{"count":24,"href":"https:\/\/nexyz.nl\/de\/wp-json\/wp\/v2\/pages\/15\/revisions"}],"predecessor-version":[{"id":1440,"href":"https:\/\/nexyz.nl\/de\/wp-json\/wp\/v2\/pages\/15\/revisions\/1440"}],"wp:featuredmedia":[{"embeddable":true,"href":"https:\/\/nexyz.nl\/de\/wp-json\/wp\/v2\/media\/1100"}],"wp:attachment":[{"href":"https:\/\/nexyz.nl\/de\/wp-json\/wp\/v2\/media?parent=15"}],"curies":[{"name":"wp","href":"https:\/\/api.w.org\/{rel}","templated":true}]}}