{"id":13,"date":"2021-12-02T16:12:09","date_gmt":"2021-12-02T15:12:09","guid":{"rendered":"https:\/\/nexyz.nl\/?page_id=13"},"modified":"2023-09-05T12:22:16","modified_gmt":"2023-09-05T11:22:16","slug":"wissen-was-mein-unternehmen-wert-ist","status":"publish","type":"page","link":"https:\/\/nexyz.nl\/de\/wissen-was-mein-unternehmen-wert-ist\/","title":{"rendered":"Wissen, was mein Unternehmen wert ist"},"content":{"rendered":"\n<div class=\"wp-block-columns is-layout-flex wp-container-core-columns-is-layout-9d6595d7 wp-block-columns-is-layout-flex\">\n<div class=\"wp-block-column is-layout-flow wp-block-column-is-layout-flow\" style=\"flex-basis:70%\">\n<h2 class=\"wp-block-heading\">Was ist mein Technologieunternehmen wert?<\/h2>\n\n\n\n<p>&#8220;Was ist mein Unternehmen wert?&#8221;. Eine Frage, die sich jeder Unternehmer fr\u00fcher oder sp\u00e4ter stellt. Sie ist das erste, woran Sie denken, wenn Sie Ihr Unternehmen verkaufen, eine Fusion eingehen oder einen Teil davon verkaufen wollen. Aber auch wenn dies nicht der Fall ist, kann Ihnen eine Bewertung Aufschluss \u00fcber den Zustand Ihres Unternehmens geben.<\/p>\n\n\n\n<p>Der Wert Ihres Unternehmens h\u00e4ngt von vielen Faktoren ab. Und in der Welt der IT geh\u00f6ren dazu auch branchenspezifische Komponenten. Unser Team verf\u00fcgt \u00fcber Fachwissen und umfangreiche Erfahrung in der IT-Branche. So k\u00f6nnen wir Ihnen eine realistische Bewertung Ihres Technologieunternehmens liefern.<\/p>\n<\/div>\n<\/div>\n\n\n\n<div class=\"wp-block-columns full-width has-background is-layout-flex wp-container-core-columns-is-layout-9d6595d7 wp-block-columns-is-layout-flex\" style=\"background-color:#f6f6f6\">\n<div class=\"wp-block-column is-layout-flow wp-block-column-is-layout-flow\" style=\"flex-basis:70%\">\n<h2 class=\"wp-block-heading\" id=\"de-waarde-van-je-bedrijf-is-meer-dan-ebitda-x-multiple\">Der Wert Ihres Unternehmens ist mehr als &#8220;EBITDA x Multiple&#8221;<\/h2>\n\n\n\n<p>Wenn Sie googeln, was der Wert Ihres Unternehmens ist, sto\u00dfen Sie sofort auf Formeln, um ihn zu berechnen. Aber die Wahrheit ist viel nuancierter. Und das ist auch gut so. Es w\u00e4re sch\u00f6n, wenn sich der Wert Ihres Technologieunternehmens mit einer einfachen Multiplikation wie &#8220;EBITDA \u00d7 Multiplikator&#8221; auf einen Nenner bringen lie\u00dfe.<\/p>\n\n\n\n<p>Wir sind darauf spezialisiert, Wertanalysen von IT-Unternehmen zu erstellen. Dabei verwenden wir verschiedene Bewertungstechniken und Benchmarks. Und wir ber\u00fccksichtigen alle relevanten Faktoren, wie z.B. die im Unternehmen vorhandenen liquiden Mittel, den Grad der wiederkehrenden Ums\u00e4tze oder die Schwankungen im Working Capital. So erhalten Sie einen optimalen Einblick in den Wert Ihres Unternehmens.<\/p>\n<\/div>\n<\/div>\n\n\n\n<div class=\"wp-block-columns is-layout-flex wp-container-core-columns-is-layout-9d6595d7 wp-block-columns-is-layout-flex\">\n<div class=\"wp-block-column is-layout-flow wp-block-column-is-layout-flow\" style=\"flex-basis:70%\">\n<h2 class=\"wp-block-heading\">Optimierung des Wertes Ihres Unternehmens<\/h2>\n\n\n\n<p>Der Wert Ihres Unternehmens h\u00e4ngt von zahlreichen Faktoren ab. Faktoren, die Sie in einigen F\u00e4llen beeinflussen k\u00f6nnen. Es lohnt sich, zu untersuchen, welche werttreibenden Komponenten in Ihrem Unternehmen vorhanden sind (sein k\u00f6nnen) und diese zu maximieren. Vor allem, wenn Sie einen Verkauf, eine Fusion oder eine Teilausgliederung Ihres Unternehmens in Betracht ziehen. Auch die Auswirkungen eines Zusammenschlusses mit einer anderen Partei k\u00f6nnen den Wert steigern.<\/p>\n\n\n<div class=\"call-to-action\">\n\t\t\n\t<div class=\"call-to-action-content\">\n\t\t\n\t\t<h3>Sie fragen sich, was Sie tun k\u00f6nnen, um den Wert Ihres Unternehmens zu optimieren?<\/h3>\n\t\t\t\n\t\t<p>Vereinbaren Sie einen Termin mit unseren Spezialisten.<\/p>\n\t\t\t\n\t\t\t\t\t\n\t\t<a class=\"button\" href=\"https:\/\/nexyz.nl\/de\/kontakt\/\">Termin f\u00fcr eine Einf\u00fchrung<\/a>\n\t\t\t\n\t\t\t\n\t<\/div>\n\t\n\t\n<\/div>\n\n\n<h2 class=\"wp-block-heading\">Kostenlose Bewertung Ihres Unternehmens<\/h2>\n\n\n\n<p>Sie fragen sich, was Ihr Unternehmen alleine wert ist und mit jemand anderem wert sein k\u00f6nnte? Hinterlassen Sie unten Ihre Angaben. Wir werden uns mit Ihnen in Verbindung setzen, um eine realistische Wertangabe f\u00fcr Ihr Unternehmen zu machen. Sie sind noch zu nichts verpflichtet.<\/p>\n\n\n<script type=\"text\/javascript\">\n\/* <![CDATA[ *\/\nvar gform;gform||(document.addEventListener(\"gform_main_scripts_loaded\",function(){gform.scriptsLoaded=!0}),document.addEventListener(\"gform\/theme\/scripts_loaded\",function(){gform.themeScriptsLoaded=!0}),window.addEventListener(\"DOMContentLoaded\",function(){gform.domLoaded=!0}),gform={domLoaded:!1,scriptsLoaded:!1,themeScriptsLoaded:!1,isFormEditor:()=>\"function\"==typeof InitializeEditor,callIfLoaded:function(o){return!(!gform.domLoaded||!gform.scriptsLoaded||!gform.themeScriptsLoaded&&!gform.isFormEditor()||(gform.isFormEditor()&&console.warn(\"The use of gform.initializeOnLoaded() is deprecated in the form editor context and will be removed in Gravity Forms 3.1.\"),o(),0))},initializeOnLoaded:function(o){gform.callIfLoaded(o)||(document.addEventListener(\"gform_main_scripts_loaded\",()=>{gform.scriptsLoaded=!0,gform.callIfLoaded(o)}),document.addEventListener(\"gform\/theme\/scripts_loaded\",()=>{gform.themeScriptsLoaded=!0,gform.callIfLoaded(o)}),window.addEventListener(\"DOMContentLoaded\",()=>{gform.domLoaded=!0,gform.callIfLoaded(o)}))},hooks:{action:{},filter:{}},addAction:function(o,r,e,t){gform.addHook(\"action\",o,r,e,t)},addFilter:function(o,r,e,t){gform.addHook(\"filter\",o,r,e,t)},doAction:function(o){gform.doHook(\"action\",o,arguments)},applyFilters:function(o){return gform.doHook(\"filter\",o,arguments)},removeAction:function(o,r){gform.removeHook(\"action\",o,r)},removeFilter:function(o,r,e){gform.removeHook(\"filter\",o,r,e)},addHook:function(o,r,e,t,n){null==gform.hooks[o][r]&&(gform.hooks[o][r]=[]);var d=gform.hooks[o][r];null==n&&(n=r+\"_\"+d.length),gform.hooks[o][r].push({tag:n,callable:e,priority:t=null==t?10:t})},doHook:function(r,o,e){var t;if(e=Array.prototype.slice.call(e,1),null!=gform.hooks[r][o]&&((o=gform.hooks[r][o]).sort(function(o,r){return o.priority-r.priority}),o.forEach(function(o){\"function\"!=typeof(t=o.callable)&&(t=window[t]),\"action\"==r?t.apply(null,e):e[0]=t.apply(null,e)})),\"filter\"==r)return e[0]},removeHook:function(o,r,t,n){var e;null!=gform.hooks[o][r]&&(e=(e=gform.hooks[o][r]).filter(function(o,r,e){return!!(null!=n&&n!=o.tag||null!=t&&t!=o.priority)}),gform.hooks[o][r]=e)}});\n\/* ]]> *\/\n<\/script>\n\n                <div class='gf_browser_gecko gform_wrapper gravity-theme gform-theme--no-framework' data-form-theme='gravity-theme' data-form-index='0' id='gform_wrapper_2' ><div id='gf_2' class='gform_anchor' tabindex='-1'><\/div><form method='post' enctype='multipart\/form-data' target='gform_ajax_frame_2' id='gform_2'  action='\/de\/wp-json\/wp\/v2\/pages\/13#gf_2' data-formid='2' novalidate>\n                        <div class='gform-body gform_body'><div id='gform_fields_2' class='gform_fields top_label form_sublabel_below description_below validation_below'><fieldset id=\"field_2_1\" class=\"gfield gfield--type-name gfield_contains_required field_sublabel_below gfield--no-description field_description_below field_validation_below gfield_visibility_visible\"  ><legend class='gfield_label gform-field-label gfield_label_before_complex' >Name<span class=\"gfield_required\"><span class=\"gfield_required gfield_required_text\">(Vereist)<\/span><\/span><\/legend><div class='ginput_complex ginput_container ginput_container--name no_prefix has_first_name no_middle_name has_last_name no_suffix gf_name_has_2 ginput_container_name gform-grid-row' id='input_2_1'>\n                            \n                            <span id='input_2_1_3_container' class='name_first gform-grid-col gform-grid-col--size-auto' >\n                                                    <input type='text' name='input_1.3' id='input_2_1_3' value=''   aria-required='true'     \/>\n                                                    <label for='input_2_1_3' class='gform-field-label gform-field-label--type-sub '>Vornamen<\/label>\n                                                <\/span>\n                            \n                            <span id='input_2_1_6_container' class='name_last gform-grid-col gform-grid-col--size-auto' >\n                                                    <input type='text' name='input_1.6' id='input_2_1_6' value=''   aria-required='true'     \/>\n                                                    <label for='input_2_1_6' class='gform-field-label gform-field-label--type-sub '>Nachname<\/label>\n                                                <\/span>\n                            \n                        <\/div><\/fieldset><div id=\"field_2_4\" class=\"gfield gfield--type-text gfield--width-full gfield_contains_required field_sublabel_below gfield--no-description field_description_below field_validation_below gfield_visibility_visible\"  ><label class='gfield_label gform-field-label' for='input_2_4'>Organisation<span class=\"gfield_required\"><span class=\"gfield_required gfield_required_text\">(Vereist)<\/span><\/span><\/label><div class='ginput_container ginput_container_text'><input name='input_4' id='input_2_4' type='text' value='' class='large'     aria-required=\"true\" aria-invalid=\"false\"   \/><\/div><\/div><div id=\"field_2_2\" class=\"gfield gfield--type-email gfield--width-full gfield_contains_required field_sublabel_below gfield--no-description field_description_below field_validation_below gfield_visibility_visible\"  ><label class='gfield_label gform-field-label' for='input_2_2'>E-Mail Adresse<span class=\"gfield_required\"><span class=\"gfield_required gfield_required_text\">(Vereist)<\/span><\/span><\/label><div class='ginput_container ginput_container_email'>\n                            <input name='input_2' id='input_2_2' type='email' value='' class='large'    aria-required=\"true\" aria-invalid=\"false\"  \/>\n                        <\/div><\/div><div id=\"field_2_3\" class=\"gfield gfield--type-phone gfield_contains_required field_sublabel_below gfield--no-description field_description_below field_validation_below gfield_visibility_visible\"  ><label class='gfield_label gform-field-label' for='input_2_3'>Telefon<span class=\"gfield_required\"><span class=\"gfield_required gfield_required_text\">(Vereist)<\/span><\/span><\/label><div class='ginput_container ginput_container_phone'><input name='input_3' id='input_2_3' type='tel' value='' class='large'   aria-required=\"true\" aria-invalid=\"false\"   \/><\/div><\/div><\/div><\/div>\n        <div class='gform-footer gform_footer top_label'> <input type='submit' id='gform_submit_button_2' class='gform_button button' onclick='gform.submission.handleButtonClick(this);' data-submission-type='submit' value='Anfordern einer Wertangabe'  \/> <input type='hidden' name='gform_ajax' value='form_id=2&amp;title=&amp;description=&amp;tabindex=0&amp;theme=gravity-theme&amp;styles={&quot;inputPrimaryColor&quot;:&quot;#204ce5&quot;}&amp;hash=40cc0fb99e1663cef561fdf47d93f609' \/>\n            <input type='hidden' class='gform_hidden' name='gform_submission_method' data-js='gform_submission_method_2' value='iframe' \/>\n            <input type='hidden' class='gform_hidden' name='gform_theme' data-js='gform_theme_2' id='gform_theme_2' value='gravity-theme' \/>\n            <input type='hidden' class='gform_hidden' name='gform_style_settings' data-js='gform_style_settings_2' id='gform_style_settings_2' value='{&quot;inputPrimaryColor&quot;:&quot;#204ce5&quot;}' \/>\n            <input type='hidden' class='gform_hidden' name='is_submit_2' value='1' \/>\n            <input type='hidden' class='gform_hidden' name='gform_submit' value='2' \/>\n            \n            <input type='hidden' class='gform_hidden' name='gform_currency' data-currency='USD' value='+ZYhociac3\/IMLZjtJs+QjsEwhKpIzPXr7w2WP9\/kEhs61lHWhA1MtIMToWv6R9LzrIO+MNGNRrlZPOCt0vT+G32TZo+rAVBWZhSWvm4W84n7cw=' \/>\n            <input type='hidden' class='gform_hidden' name='gform_unique_id' value='' \/>\n            <input type='hidden' class='gform_hidden' name='state_2' value='WyJbXSIsIjU3NTA4MmZkYjY5YjdmMWE5ZDBlOTk1OGEwN2E5N2UwIl0=' \/>\n            <input type='hidden' autocomplete='off' class='gform_hidden' name='gform_target_page_number_2' id='gform_target_page_number_2' value='0' \/>\n            <input type='hidden' autocomplete='off' class='gform_hidden' name='gform_source_page_number_2' id='gform_source_page_number_2' value='1' \/>\n            <input type='hidden' name='gform_field_values' value='' \/>\n            \n        <\/div>\n                        <p style=\"display: none !important;\" class=\"akismet-fields-container\" data-prefix=\"ak_\"><label>&#916;<textarea name=\"ak_hp_textarea\" cols=\"45\" rows=\"8\" maxlength=\"100\"><\/textarea><\/label><input type=\"hidden\" id=\"ak_js_1\" name=\"ak_js\" value=\"200\"\/><script>document.getElementById( \"ak_js_1\" ).setAttribute( \"value\", ( new Date() ).getTime() );<\/script><\/p><\/form>\n                        <\/div>\n\t\t                <iframe style='display:none;width:0px;height:0px;' src='about:blank' name='gform_ajax_frame_2' id='gform_ajax_frame_2' title='Dit iframe bevat de vereiste logica om Ajax aangedreven Gravity Forms te verwerken.'><\/iframe>\n\t\t                <script type=\"text\/javascript\">\n\/* <![CDATA[ *\/\n gform.initializeOnLoaded( function() {gformInitSpinner( 2, 'https:\/\/nexyz.nl\/de\/wp-content\/plugins\/gravityforms\/images\/spinner.svg', true );jQuery('#gform_ajax_frame_2').on('load',function(){var contents = jQuery(this).contents().find('*').html();var is_postback = contents.indexOf('GF_AJAX_POSTBACK') >= 0;if(!is_postback){return;}var form_content = jQuery(this).contents().find('#gform_wrapper_2');var is_confirmation = jQuery(this).contents().find('#gform_confirmation_wrapper_2').length > 0;var is_redirect = contents.indexOf('gformRedirect(){') >= 0;var is_form = form_content.length > 0 && ! is_redirect && ! is_confirmation;var mt = parseInt(jQuery('html').css('margin-top'), 10) + parseInt(jQuery('body').css('margin-top'), 10) + 100;if(is_form){jQuery('#gform_wrapper_2').html(form_content.html());if(form_content.hasClass('gform_validation_error')){jQuery('#gform_wrapper_2').addClass('gform_validation_error');} else {jQuery('#gform_wrapper_2').removeClass('gform_validation_error');}setTimeout( function() { \/* delay the scroll by 50 milliseconds to fix a bug in chrome *\/ jQuery(document).scrollTop(jQuery('#gform_wrapper_2').offset().top - mt); }, 50 );if(window['gformInitDatepicker']) {gformInitDatepicker();}if(window['gformInitPriceFields']) {gformInitPriceFields();}var current_page = jQuery('#gform_source_page_number_2').val();gformInitSpinner( 2, 'https:\/\/nexyz.nl\/de\/wp-content\/plugins\/gravityforms\/images\/spinner.svg', true );jQuery(document).trigger('gform_page_loaded', [2, current_page]);window['gf_submitting_2'] = false;}else if(!is_redirect){var confirmation_content = jQuery(this).contents().find('.GF_AJAX_POSTBACK').html();if(!confirmation_content){confirmation_content = contents;}jQuery('#gform_wrapper_2').replaceWith(confirmation_content);jQuery(document).scrollTop(jQuery('#gf_2').offset().top - mt);jQuery(document).trigger('gform_confirmation_loaded', [2]);window['gf_submitting_2'] = false;wp.a11y.speak(jQuery('#gform_confirmation_message_2').text());}else{jQuery('#gform_2').append(contents);if(window['gformRedirect']) {gformRedirect();}}jQuery(document).trigger(\"gform_pre_post_render\", [{ formId: \"2\", currentPage: \"current_page\", abort: function() { this.preventDefault(); } }]);        if (event && event.defaultPrevented) {                return;        }        const gformWrapperDiv = document.getElementById( \"gform_wrapper_2\" );        if ( gformWrapperDiv ) {            const visibilitySpan = document.createElement( \"span\" );            visibilitySpan.id = \"gform_visibility_test_2\";            gformWrapperDiv.insertAdjacentElement( \"afterend\", visibilitySpan );        }        const visibilityTestDiv = document.getElementById( \"gform_visibility_test_2\" );        let postRenderFired = false;        function triggerPostRender() {            if ( postRenderFired ) {                return;            }            postRenderFired = true;            gform.core.triggerPostRenderEvents( 2, current_page );            if ( visibilityTestDiv ) {                visibilityTestDiv.parentNode.removeChild( visibilityTestDiv );            }        }        function debounce( func, wait, immediate ) {            var timeout;            return function() {                var context = this, args = arguments;                var later = function() {                    timeout = null;                    if ( !immediate ) func.apply( context, args );                };                var callNow = immediate && !timeout;                clearTimeout( timeout );                timeout = setTimeout( later, wait );                if ( callNow ) func.apply( context, args );            };        }        const debouncedTriggerPostRender = debounce( function() {            triggerPostRender();        }, 200 );        if ( visibilityTestDiv && visibilityTestDiv.offsetParent === null ) {            const observer = new MutationObserver( ( mutations ) => {                mutations.forEach( ( mutation ) => {                    if ( mutation.type === 'attributes' && visibilityTestDiv.offsetParent !== null ) {                        debouncedTriggerPostRender();                        observer.disconnect();                    }                });            });            observer.observe( document.body, {                attributes: true,                childList: false,                subtree: true,                attributeFilter: [ 'style', 'class' ],            });        } else {            triggerPostRender();        }    } );} ); \n\/* ]]> *\/\n<\/script>\n<\/div>\n<\/div>\n","protected":false},"excerpt":{"rendered":"<p>Was ist mein Technologieunternehmen wert? &#8220;Was ist mein Unternehmen wert?&#8221;. Eine Frage, die sich jeder Unternehmer fr\u00fcher oder sp\u00e4ter stellt. Sie ist das erste, woran Sie denken, wenn Sie Ihr Unternehmen verkaufen, eine Fusion eingehen oder einen Teil davon verkaufen wollen. Aber auch wenn dies nicht der Fall ist, kann Ihnen eine Bewertung Aufschluss \u00fcber&#8230;<\/p>\n","protected":false},"author":1,"featured_media":1101,"parent":0,"menu_order":0,"comment_status":"closed","ping_status":"closed","template":"","meta":{"_acf_changed":false,"content-type":"","footnotes":""},"class_list":["post-13","page","type-page","status-publish","has-post-thumbnail","hentry"],"acf":[],"yoast_head":"<!-- This site is optimized with the Yoast SEO plugin v27.2 - https:\/\/yoast.com\/product\/yoast-seo-wordpress\/ -->\n<title>Wissen, was mein Unternehmen wert ist - NexyZ<\/title>\n<meta name=\"description\" content=\"Wie hoch ist der Wert Ihres Unternehmens in der IT-Branche? Und wie k\u00f6nnen Sie diesen Wert optimieren? Finden Sie hier heraus, wie.\" \/>\n<meta name=\"robots\" content=\"index, follow, max-snippet:-1, max-image-preview:large, max-video-preview:-1\" \/>\n<link rel=\"canonical\" href=\"https:\/\/nexyz.nl\/de\/wissen-was-mein-unternehmen-wert-ist\/\" \/>\n<meta property=\"og:locale\" content=\"nl_NL\" \/>\n<meta property=\"og:type\" content=\"article\" \/>\n<meta property=\"og:title\" content=\"Wissen, was mein Unternehmen wert ist - NexyZ\" \/>\n<meta property=\"og:description\" content=\"Wie hoch ist der Wert Ihres Unternehmens in der IT-Branche? Und wie k\u00f6nnen Sie diesen Wert optimieren? Finden Sie hier heraus, wie.\" \/>\n<meta property=\"og:url\" content=\"https:\/\/nexyz.nl\/de\/wissen-was-mein-unternehmen-wert-ist\/\" \/>\n<meta property=\"og:site_name\" content=\"NexyZ\" \/>\n<meta property=\"article:modified_time\" content=\"2023-09-05T11:22:16+00:00\" \/>\n<meta property=\"og:image\" content=\"https:\/\/nexyz.nl\/de\/wp-content\/uploads\/2022\/05\/Marcel_Witte_Fotografie_NexyZ-3.jpg\" \/>\n\t<meta property=\"og:image:width\" content=\"1501\" \/>\n\t<meta property=\"og:image:height\" content=\"1001\" \/>\n\t<meta property=\"og:image:type\" content=\"image\/jpeg\" \/>\n<meta name=\"twitter:card\" content=\"summary_large_image\" \/>\n<meta name=\"twitter:label1\" content=\"Geschatte leestijd\" \/>\n\t<meta name=\"twitter:data1\" content=\"2 minuten\" \/>\n<script type=\"application\/ld+json\" class=\"yoast-schema-graph\">{\"@context\":\"https:\/\/schema.org\",\"@graph\":[{\"@type\":\"WebPage\",\"@id\":\"https:\/\/nexyz.nl\/de\/wissen-was-mein-unternehmen-wert-ist\/\",\"url\":\"https:\/\/nexyz.nl\/de\/wissen-was-mein-unternehmen-wert-ist\/\",\"name\":\"Wissen, was mein Unternehmen wert ist - NexyZ\",\"isPartOf\":{\"@id\":\"https:\/\/nexyz.nl\/de\/#website\"},\"primaryImageOfPage\":{\"@id\":\"https:\/\/nexyz.nl\/de\/wissen-was-mein-unternehmen-wert-ist\/#primaryimage\"},\"image\":{\"@id\":\"https:\/\/nexyz.nl\/de\/wissen-was-mein-unternehmen-wert-ist\/#primaryimage\"},\"thumbnailUrl\":\"https:\/\/nexyz.nl\/de\/wp-content\/uploads\/2022\/05\/Marcel_Witte_Fotografie_NexyZ-3.jpg\",\"datePublished\":\"2021-12-02T15:12:09+00:00\",\"dateModified\":\"2023-09-05T11:22:16+00:00\",\"description\":\"Wie hoch ist der Wert Ihres Unternehmens in der IT-Branche? Und wie k\u00f6nnen Sie diesen Wert optimieren? Finden Sie hier heraus, wie.\",\"breadcrumb\":{\"@id\":\"https:\/\/nexyz.nl\/de\/wissen-was-mein-unternehmen-wert-ist\/#breadcrumb\"},\"inLanguage\":\"nl-NL\",\"potentialAction\":[{\"@type\":\"ReadAction\",\"target\":[\"https:\/\/nexyz.nl\/de\/wissen-was-mein-unternehmen-wert-ist\/\"]}]},{\"@type\":\"ImageObject\",\"inLanguage\":\"nl-NL\",\"@id\":\"https:\/\/nexyz.nl\/de\/wissen-was-mein-unternehmen-wert-ist\/#primaryimage\",\"url\":\"https:\/\/nexyz.nl\/de\/wp-content\/uploads\/2022\/05\/Marcel_Witte_Fotografie_NexyZ-3.jpg\",\"contentUrl\":\"https:\/\/nexyz.nl\/de\/wp-content\/uploads\/2022\/05\/Marcel_Witte_Fotografie_NexyZ-3.jpg\",\"width\":1501,\"height\":1001},{\"@type\":\"BreadcrumbList\",\"@id\":\"https:\/\/nexyz.nl\/de\/wissen-was-mein-unternehmen-wert-ist\/#breadcrumb\",\"itemListElement\":[{\"@type\":\"ListItem\",\"position\":1,\"name\":\"Home\",\"item\":\"https:\/\/nexyz.nl\/de\/\"},{\"@type\":\"ListItem\",\"position\":2,\"name\":\"Wissen, was mein Unternehmen wert ist\"}]},{\"@type\":\"WebSite\",\"@id\":\"https:\/\/nexyz.nl\/de\/#website\",\"url\":\"https:\/\/nexyz.nl\/de\/\",\"name\":\"NexyZ\",\"description\":\"\",\"potentialAction\":[{\"@type\":\"SearchAction\",\"target\":{\"@type\":\"EntryPoint\",\"urlTemplate\":\"https:\/\/nexyz.nl\/de\/?s={search_term_string}\"},\"query-input\":{\"@type\":\"PropertyValueSpecification\",\"valueRequired\":true,\"valueName\":\"search_term_string\"}}],\"inLanguage\":\"nl-NL\"}]}<\/script>\n<!-- \/ Yoast SEO plugin. -->","yoast_head_json":{"title":"Wissen, was mein Unternehmen wert ist - NexyZ","description":"Wie hoch ist der Wert Ihres Unternehmens in der IT-Branche? Und wie k\u00f6nnen Sie diesen Wert optimieren? Finden Sie hier heraus, wie.","robots":{"index":"index","follow":"follow","max-snippet":"max-snippet:-1","max-image-preview":"max-image-preview:large","max-video-preview":"max-video-preview:-1"},"canonical":"https:\/\/nexyz.nl\/de\/wissen-was-mein-unternehmen-wert-ist\/","og_locale":"nl_NL","og_type":"article","og_title":"Wissen, was mein Unternehmen wert ist - NexyZ","og_description":"Wie hoch ist der Wert Ihres Unternehmens in der IT-Branche? Und wie k\u00f6nnen Sie diesen Wert optimieren? Finden Sie hier heraus, wie.","og_url":"https:\/\/nexyz.nl\/de\/wissen-was-mein-unternehmen-wert-ist\/","og_site_name":"NexyZ","article_modified_time":"2023-09-05T11:22:16+00:00","og_image":[{"width":1501,"height":1001,"url":"https:\/\/nexyz.nl\/de\/wp-content\/uploads\/2022\/05\/Marcel_Witte_Fotografie_NexyZ-3.jpg","type":"image\/jpeg"}],"twitter_card":"summary_large_image","twitter_misc":{"Geschatte leestijd":"2 minuten"},"schema":{"@context":"https:\/\/schema.org","@graph":[{"@type":"WebPage","@id":"https:\/\/nexyz.nl\/de\/wissen-was-mein-unternehmen-wert-ist\/","url":"https:\/\/nexyz.nl\/de\/wissen-was-mein-unternehmen-wert-ist\/","name":"Wissen, was mein Unternehmen wert ist - NexyZ","isPartOf":{"@id":"https:\/\/nexyz.nl\/de\/#website"},"primaryImageOfPage":{"@id":"https:\/\/nexyz.nl\/de\/wissen-was-mein-unternehmen-wert-ist\/#primaryimage"},"image":{"@id":"https:\/\/nexyz.nl\/de\/wissen-was-mein-unternehmen-wert-ist\/#primaryimage"},"thumbnailUrl":"https:\/\/nexyz.nl\/de\/wp-content\/uploads\/2022\/05\/Marcel_Witte_Fotografie_NexyZ-3.jpg","datePublished":"2021-12-02T15:12:09+00:00","dateModified":"2023-09-05T11:22:16+00:00","description":"Wie hoch ist der Wert Ihres Unternehmens in der IT-Branche? Und wie k\u00f6nnen Sie diesen Wert optimieren? Finden Sie hier heraus, wie.","breadcrumb":{"@id":"https:\/\/nexyz.nl\/de\/wissen-was-mein-unternehmen-wert-ist\/#breadcrumb"},"inLanguage":"nl-NL","potentialAction":[{"@type":"ReadAction","target":["https:\/\/nexyz.nl\/de\/wissen-was-mein-unternehmen-wert-ist\/"]}]},{"@type":"ImageObject","inLanguage":"nl-NL","@id":"https:\/\/nexyz.nl\/de\/wissen-was-mein-unternehmen-wert-ist\/#primaryimage","url":"https:\/\/nexyz.nl\/de\/wp-content\/uploads\/2022\/05\/Marcel_Witte_Fotografie_NexyZ-3.jpg","contentUrl":"https:\/\/nexyz.nl\/de\/wp-content\/uploads\/2022\/05\/Marcel_Witte_Fotografie_NexyZ-3.jpg","width":1501,"height":1001},{"@type":"BreadcrumbList","@id":"https:\/\/nexyz.nl\/de\/wissen-was-mein-unternehmen-wert-ist\/#breadcrumb","itemListElement":[{"@type":"ListItem","position":1,"name":"Home","item":"https:\/\/nexyz.nl\/de\/"},{"@type":"ListItem","position":2,"name":"Wissen, was mein Unternehmen wert ist"}]},{"@type":"WebSite","@id":"https:\/\/nexyz.nl\/de\/#website","url":"https:\/\/nexyz.nl\/de\/","name":"NexyZ","description":"","potentialAction":[{"@type":"SearchAction","target":{"@type":"EntryPoint","urlTemplate":"https:\/\/nexyz.nl\/de\/?s={search_term_string}"},"query-input":{"@type":"PropertyValueSpecification","valueRequired":true,"valueName":"search_term_string"}}],"inLanguage":"nl-NL"}]}},"_links":{"self":[{"href":"https:\/\/nexyz.nl\/de\/wp-json\/wp\/v2\/pages\/13","targetHints":{"allow":["GET"]}}],"collection":[{"href":"https:\/\/nexyz.nl\/de\/wp-json\/wp\/v2\/pages"}],"about":[{"href":"https:\/\/nexyz.nl\/de\/wp-json\/wp\/v2\/types\/page"}],"author":[{"embeddable":true,"href":"https:\/\/nexyz.nl\/de\/wp-json\/wp\/v2\/users\/1"}],"replies":[{"embeddable":true,"href":"https:\/\/nexyz.nl\/de\/wp-json\/wp\/v2\/comments?post=13"}],"version-history":[{"count":21,"href":"https:\/\/nexyz.nl\/de\/wp-json\/wp\/v2\/pages\/13\/revisions"}],"predecessor-version":[{"id":1432,"href":"https:\/\/nexyz.nl\/de\/wp-json\/wp\/v2\/pages\/13\/revisions\/1432"}],"wp:featuredmedia":[{"embeddable":true,"href":"https:\/\/nexyz.nl\/de\/wp-json\/wp\/v2\/media\/1101"}],"wp:attachment":[{"href":"https:\/\/nexyz.nl\/de\/wp-json\/wp\/v2\/media?parent=13"}],"curies":[{"name":"wp","href":"https:\/\/api.w.org\/{rel}","templated":true}]}}